{"id":244,"date":"2020-05-17T14:25:47","date_gmt":"2020-05-17T14:25:47","guid":{"rendered":"http:\/\/localhost\/cabinet%20individual%20de%20psihologie\/wordpress\/?page_id=244"},"modified":"2020-08-11T10:07:16","modified_gmt":"2020-08-11T10:07:16","slug":"servicii","status":"publish","type":"page","link":"https:\/\/bgyarmati.ro\/index.php\/servicii\/","title":{"rendered":"Servicii"},"content":{"rendered":"\t\t<div data-elementor-type=\"wp-page\" data-elementor-id=\"244\" class=\"elementor elementor-244\">\n\t\t\t\t\t\t<div class=\"elementor-inner\">\n\t\t\t\t<div class=\"elementor-section-wrap\">\n\t\t\t\t\t\t\t\t\t<section class=\"elementor-section elementor-top-section elementor-element elementor-element-b11cdac elementor-section-stretched elementor-section-height-min-height elementor-section-items-top elementor-section-boxed elementor-section-height-default\" data-id=\"b11cdac\" data-element_type=\"section\" data-settings=\"{&quot;stretch_section&quot;:&quot;section-stretched&quot;,&quot;background_background&quot;:&quot;classic&quot;}\">\n\t\t\t\t\t\t<div class=\"elementor-container elementor-column-gap-default\">\n\t\t\t\t\t\t\t<div class=\"elementor-row\">\n\t\t\t\t\t<div class=\"elementor-column elementor-col-100 elementor-top-column elementor-element elementor-element-94491e0\" data-id=\"94491e0\" data-element_type=\"column\">\n\t\t\t<div class=\"elementor-column-wrap elementor-element-populated\">\n\t\t\t\t\t\t\t<div class=\"elementor-widget-wrap\">\n\t\t\t\t\t\t<div class=\"elementor-element elementor-element-f4dc2f3 elementor-widget elementor-widget-heading\" data-id=\"f4dc2f3\" data-element_type=\"widget\" data-widget_type=\"heading.default\">\n\t\t\t\t<div class=\"elementor-widget-container\">\n\t\t\t<h1 class=\"elementor-heading-title elementor-size-default\">Servicii<\/h1>\t\t<\/div>\n\t\t\t\t<\/div>\n\t\t\t\t\t\t<\/div>\n\t\t\t\t\t<\/div>\n\t\t<\/div>\n\t\t\t\t\t\t\t\t<\/div>\n\t\t\t\t\t<\/div>\n\t\t<\/section>\n\t\t\t\t<section class=\"elementor-section elementor-top-section elementor-element elementor-element-5db2be5 elementor-section-stretched elementor-section-height-min-height elementor-section-boxed elementor-section-height-default elementor-section-items-middle\" data-id=\"5db2be5\" data-element_type=\"section\" id=\"servicii-background\" data-settings=\"{&quot;stretch_section&quot;:&quot;section-stretched&quot;,&quot;background_background&quot;:&quot;gradient&quot;}\">\n\t\t\t\t\t\t<div class=\"elementor-container elementor-column-gap-default\">\n\t\t\t\t\t\t\t<div class=\"elementor-row\">\n\t\t\t\t\t<div class=\"elementor-column elementor-col-100 elementor-top-column elementor-element elementor-element-10d1876\" data-id=\"10d1876\" data-element_type=\"column\">\n\t\t\t<div class=\"elementor-column-wrap elementor-element-populated\">\n\t\t\t\t\t\t\t<div class=\"elementor-widget-wrap\">\n\t\t\t\t\t\t<div class=\"elementor-element elementor-element-f60ef7a elementor-widget elementor-widget-eael-feature-list\" data-id=\"f60ef7a\" data-element_type=\"widget\" data-widget_type=\"eael-feature-list.default\">\n\t\t\t\t<div class=\"elementor-widget-container\">\n\t\t\t\t\t<div class=\"-icon-position-left -tablet-icon-position-left -mobile-icon-position-left\">\n\t\t\t<ul id=\"eael-feature-list-f60ef7a\" class=\"eael-feature-list-items circle stacked \">\n\t\t\t                <li class=\"eael-feature-list-item elementor-repeater-item-c7725e5\">\n                    \n\t\t\t\t\t\t<div class=\"eael-feature-list-icon-box\">\n\t\t\t\t\t\t\t<div class=\"eael-feature-list-icon-inner\">\n\n\t\t\t\t\t\t\t\t<span class=\"eael-feature-list-icon fl-icon-0\">\n\n\t\t<i aria-hidden=\"true\" class=\"fas fa-couch\"><\/i>\t\t\t\t\t\t\t\t<\/span>\n\t\t\t\t\t\t\t<\/div>\n\t\t\t\t\t\t<\/div>\n\t\t\t\t\t\t<div class=\"eael-feature-list-content-box\">\n\t\t\t\t\t\t\t<h3 class=\"eael-feature-list-title\"\t\t\t\t\t\t\t>Consiliere \u0219i terapie suportiv\u0103 adul\u0163i<\/h3\t\t\t\t\t\t>\n\t\t\t\t\t\t<p class=\"eael-feature-list-content\">\u2013 100 lei\/50 minute <\/br>\n- abonament 4 \u00eent\u00e2lniri: 350 lei<\/p>\n\t\t\t\t\t\t<\/div>\n\n\t\t\t\t\t<\/li>\n\t\t\t\t                <li class=\"eael-feature-list-item elementor-repeater-item-b65a4e2\">\n                    \n\t\t\t\t\t\t<div class=\"eael-feature-list-icon-box\">\n\t\t\t\t\t\t\t<div class=\"eael-feature-list-icon-inner\">\n\n\t\t\t\t\t\t\t\t<span class=\"eael-feature-list-icon fl-icon-1\">\n\n\t\t<i aria-hidden=\"true\" class=\"far fa-smile-beam\"><\/i>\t\t\t\t\t\t\t\t<\/span>\n\t\t\t\t\t\t\t<\/div>\n\t\t\t\t\t\t<\/div>\n\t\t\t\t\t\t<div class=\"eael-feature-list-content-box\">\n\t\t\t\t\t\t\t<h3 class=\"eael-feature-list-title\"\t\t\t\t\t\t\t>Dezvoltare personal\u0103 \u0219i socio-emo\u021bional\u0103 pentru copii <\/h3\t\t\t\t\t\t>\n\t\t\t\t\t\t<p class=\"eael-feature-list-content\">- 70 lei\/45 minute<\/br>\n- abonament 4 \u00eent\u00e2lniri: 250 lei<\/p>\n\t\t\t\t\t\t<\/div>\n\n\t\t\t\t\t<\/li>\n\t\t\t\t                <li class=\"eael-feature-list-item elementor-repeater-item-acde2d1\">\n                    \n\t\t\t\t\t\t<div class=\"eael-feature-list-icon-box\">\n\t\t\t\t\t\t\t<div class=\"eael-feature-list-icon-inner\">\n\n\t\t\t\t\t\t\t\t<span class=\"eael-feature-list-icon fl-icon-2\">\n\n\t\t<i aria-hidden=\"true\" class=\"fas fa-user-md\"><\/i>\t\t\t\t\t\t\t\t<\/span>\n\t\t\t\t\t\t\t<\/div>\n\t\t\t\t\t\t<\/div>\n\t\t\t\t\t\t<div class=\"eael-feature-list-content-box\">\n\t\t\t\t\t\t\t<h3 class=\"eael-feature-list-title\"\t\t\t\t\t\t\t>Evaluare clinic\u0103<\/h3\t\t\t\t\t\t>\n\t\t\t\t\t\t<p class=\"eael-feature-list-content\">\u2013 de la 120 lei<\/p>\n\t\t\t\t\t\t<\/div>\n\n\t\t\t\t\t<\/li>\n\t\t\t\t                <li class=\"eael-feature-list-item elementor-repeater-item-1459d10\">\n                    \n\t\t\t\t\t\t<div class=\"eael-feature-list-icon-box\">\n\t\t\t\t\t\t\t<div class=\"eael-feature-list-icon-inner\">\n\n\t\t\t\t\t\t\t\t<span class=\"eael-feature-list-icon fl-icon-3\">\n\n\t\t<i aria-hidden=\"true\" class=\"fas fa-hotel\"><\/i>\t\t\t\t\t\t\t\t<\/span>\n\t\t\t\t\t\t\t<\/div>\n\t\t\t\t\t\t<\/div>\n\t\t\t\t\t\t<div class=\"eael-feature-list-content-box\">\n\t\t\t\t\t\t\t<h3 class=\"eael-feature-list-title\"\t\t\t\t\t\t\t>Consiliere pentru copii \u0219i tineri din centre de plasament \u2013 gratuit <\/h3\t\t\t\t\t\t>\n\t\t\t\t\t\t<p class=\"eael-feature-list-content\"><\/p>\n\t\t\t\t\t\t<\/div>\n\n\t\t\t\t\t<\/li>\n\t\t\t\t\t\t\t<\/ul>\n\t\t<\/div>\n\t\t\t\t<\/div>\n\t\t\t\t<\/div>\n\t\t\t\t<div class=\"elementor-element elementor-element-b6f5444 elementor-widget elementor-widget-heading\" data-id=\"b6f5444\" data-element_type=\"widget\" data-widget_type=\"heading.default\">\n\t\t\t\t<div class=\"elementor-widget-container\">\n\t\t\t<h5 class=\"elementor-heading-title elementor-size-medium\">* Pre\u021burile pot varia \u00een func\u021bie de frecven\u021ba \u0219i tipul \u00eent\u00e2lnirilor. <\/h5>\t\t<\/div>\n\t\t\t\t<\/div>\n\t\t\t\t\t\t<\/div>\n\t\t\t\t\t<\/div>\n\t\t<\/div>\n\t\t\t\t\t\t\t\t<\/div>\n\t\t\t\t\t<\/div>\n\t\t<\/section>\n\t\t\t\t\t\t\t\t\t<\/div>\n\t\t\t<\/div>\n\t\t\t\t\t<\/div>\n\t\t","protected":false},"excerpt":{"rendered":"<p>Servicii Consiliere \u0219i terapie suportiv\u0103 adul\u0163i \u2013 100 lei\/50 minute &#8211; abonament 4 \u00eent\u00e2lniri: 350 lei Dezvoltare personal\u0103 \u0219i socio-emo\u021bional\u0103 pentru copii &#8211; 70 lei\/45 minute &#8211; abonament 4 \u00eent\u00e2lniri: 250 lei Evaluare clinic\u0103 \u2013 de la 120 lei Consiliere pentru copii \u0219i tineri din centre de plasament \u2013 gratuit * Pre\u021burile pot varia \u00een<\/p>\n<div><a class=\"btn-filled btn\" href=\"https:\/\/bgyarmati.ro\/index.php\/servicii\/\" title=\"Servicii\">Read More<\/a><\/div>\n","protected":false},"author":1,"featured_media":0,"parent":0,"menu_order":0,"comment_status":"closed","ping_status":"closed","template":"","meta":[],"yoast_head":"<!-- This site is optimized with the Yoast SEO plugin v19.10 - https:\/\/yoast.com\/wordpress\/plugins\/seo\/ -->\n<title>Servicii - Cabinet Individual de Psihologie<\/title>\n<meta name=\"robots\" content=\"index, follow, max-snippet:-1, max-image-preview:large, max-video-preview:-1\" \/>\n<link rel=\"canonical\" href=\"https:\/\/bgyarmati.ro\/index.php\/servicii\/\" \/>\n<meta property=\"og:locale\" content=\"en_US\" \/>\n<meta property=\"og:type\" content=\"article\" \/>\n<meta property=\"og:title\" content=\"Servicii - Cabinet Individual de Psihologie\" \/>\n<meta property=\"og:description\" content=\"Servicii Consiliere \u0219i terapie suportiv\u0103 adul\u0163i \u2013 100 lei\/50 minute &#8211; abonament 4 \u00eent\u00e2lniri: 350 lei Dezvoltare personal\u0103 \u0219i socio-emo\u021bional\u0103 pentru copii &#8211; 70 lei\/45 minute &#8211; abonament 4 \u00eent\u00e2lniri: 250 lei Evaluare clinic\u0103 \u2013 de la 120 lei Consiliere pentru copii \u0219i tineri din centre de plasament \u2013 gratuit * Pre\u021burile pot varia \u00eenRead More\" \/>\n<meta property=\"og:url\" content=\"https:\/\/bgyarmati.ro\/index.php\/servicii\/\" \/>\n<meta property=\"og:site_name\" content=\"Cabinet Individual de Psihologie\" \/>\n<meta property=\"article:modified_time\" content=\"2020-08-11T10:07:16+00:00\" \/>\n<meta name=\"twitter:card\" content=\"summary_large_image\" \/>\n<script type=\"application\/ld+json\" class=\"yoast-schema-graph\">{\"@context\":\"https:\/\/schema.org\",\"@graph\":[{\"@type\":\"WebPage\",\"@id\":\"https:\/\/bgyarmati.ro\/index.php\/servicii\/\",\"url\":\"https:\/\/bgyarmati.ro\/index.php\/servicii\/\",\"name\":\"Servicii - Cabinet Individual de Psihologie\",\"isPartOf\":{\"@id\":\"https:\/\/bgyarmati.ro\/#website\"},\"datePublished\":\"2020-05-17T14:25:47+00:00\",\"dateModified\":\"2020-08-11T10:07:16+00:00\",\"breadcrumb\":{\"@id\":\"https:\/\/bgyarmati.ro\/index.php\/servicii\/#breadcrumb\"},\"inLanguage\":\"en-US\",\"potentialAction\":[{\"@type\":\"ReadAction\",\"target\":[\"https:\/\/bgyarmati.ro\/index.php\/servicii\/\"]}]},{\"@type\":\"BreadcrumbList\",\"@id\":\"https:\/\/bgyarmati.ro\/index.php\/servicii\/#breadcrumb\",\"itemListElement\":[{\"@type\":\"ListItem\",\"position\":1,\"name\":\"Home\",\"item\":\"https:\/\/bgyarmati.ro\/\"},{\"@type\":\"ListItem\",\"position\":2,\"name\":\"Servicii\"}]},{\"@type\":\"WebSite\",\"@id\":\"https:\/\/bgyarmati.ro\/#website\",\"url\":\"https:\/\/bgyarmati.ro\/\",\"name\":\"Be\u00e1ta Fatime Gyarmati - Cabinet Individual de Psihologie\",\"description\":\"Gyarmati Beata Fatime\",\"publisher\":{\"@id\":\"https:\/\/bgyarmati.ro\/#organization\"},\"potentialAction\":[{\"@type\":\"SearchAction\",\"target\":{\"@type\":\"EntryPoint\",\"urlTemplate\":\"https:\/\/bgyarmati.ro\/?s={search_term_string}\"},\"query-input\":\"required name=search_term_string\"}],\"inLanguage\":\"en-US\"},{\"@type\":\"Organization\",\"@id\":\"https:\/\/bgyarmati.ro\/#organization\",\"name\":\"BGyarmati\",\"url\":\"https:\/\/bgyarmati.ro\/\",\"logo\":{\"@type\":\"ImageObject\",\"inLanguage\":\"en-US\",\"@id\":\"https:\/\/bgyarmati.ro\/#\/schema\/logo\/image\/\",\"url\":\"https:\/\/bgyarmati.ro\/wp-content\/uploads\/2020\/05\/LogoMakr_2Hq4zc.png\",\"contentUrl\":\"https:\/\/bgyarmati.ro\/wp-content\/uploads\/2020\/05\/LogoMakr_2Hq4zc.png\",\"width\":400,\"height\":379,\"caption\":\"BGyarmati\"},\"image\":{\"@id\":\"https:\/\/bgyarmati.ro\/#\/schema\/logo\/image\/\"}}]}<\/script>\n<!-- \/ Yoast SEO plugin. -->","yoast_head_json":{"title":"Servicii - Cabinet Individual de Psihologie","robots":{"index":"index","follow":"follow","max-snippet":"max-snippet:-1","max-image-preview":"max-image-preview:large","max-video-preview":"max-video-preview:-1"},"canonical":"https:\/\/bgyarmati.ro\/index.php\/servicii\/","og_locale":"en_US","og_type":"article","og_title":"Servicii - Cabinet Individual de Psihologie","og_description":"Servicii Consiliere \u0219i terapie suportiv\u0103 adul\u0163i \u2013 100 lei\/50 minute &#8211; abonament 4 \u00eent\u00e2lniri: 350 lei Dezvoltare personal\u0103 \u0219i socio-emo\u021bional\u0103 pentru copii &#8211; 70 lei\/45 minute &#8211; abonament 4 \u00eent\u00e2lniri: 250 lei Evaluare clinic\u0103 \u2013 de la 120 lei Consiliere pentru copii \u0219i tineri din centre de plasament \u2013 gratuit * Pre\u021burile pot varia \u00eenRead More","og_url":"https:\/\/bgyarmati.ro\/index.php\/servicii\/","og_site_name":"Cabinet Individual de Psihologie","article_modified_time":"2020-08-11T10:07:16+00:00","twitter_card":"summary_large_image","schema":{"@context":"https:\/\/schema.org","@graph":[{"@type":"WebPage","@id":"https:\/\/bgyarmati.ro\/index.php\/servicii\/","url":"https:\/\/bgyarmati.ro\/index.php\/servicii\/","name":"Servicii - Cabinet Individual de Psihologie","isPartOf":{"@id":"https:\/\/bgyarmati.ro\/#website"},"datePublished":"2020-05-17T14:25:47+00:00","dateModified":"2020-08-11T10:07:16+00:00","breadcrumb":{"@id":"https:\/\/bgyarmati.ro\/index.php\/servicii\/#breadcrumb"},"inLanguage":"en-US","potentialAction":[{"@type":"ReadAction","target":["https:\/\/bgyarmati.ro\/index.php\/servicii\/"]}]},{"@type":"BreadcrumbList","@id":"https:\/\/bgyarmati.ro\/index.php\/servicii\/#breadcrumb","itemListElement":[{"@type":"ListItem","position":1,"name":"Home","item":"https:\/\/bgyarmati.ro\/"},{"@type":"ListItem","position":2,"name":"Servicii"}]},{"@type":"WebSite","@id":"https:\/\/bgyarmati.ro\/#website","url":"https:\/\/bgyarmati.ro\/","name":"Be\u00e1ta Fatime Gyarmati - Cabinet Individual de Psihologie","description":"Gyarmati Beata Fatime","publisher":{"@id":"https:\/\/bgyarmati.ro\/#organization"},"potentialAction":[{"@type":"SearchAction","target":{"@type":"EntryPoint","urlTemplate":"https:\/\/bgyarmati.ro\/?s={search_term_string}"},"query-input":"required name=search_term_string"}],"inLanguage":"en-US"},{"@type":"Organization","@id":"https:\/\/bgyarmati.ro\/#organization","name":"BGyarmati","url":"https:\/\/bgyarmati.ro\/","logo":{"@type":"ImageObject","inLanguage":"en-US","@id":"https:\/\/bgyarmati.ro\/#\/schema\/logo\/image\/","url":"https:\/\/bgyarmati.ro\/wp-content\/uploads\/2020\/05\/LogoMakr_2Hq4zc.png","contentUrl":"https:\/\/bgyarmati.ro\/wp-content\/uploads\/2020\/05\/LogoMakr_2Hq4zc.png","width":400,"height":379,"caption":"BGyarmati"},"image":{"@id":"https:\/\/bgyarmati.ro\/#\/schema\/logo\/image\/"}}]}},"_links":{"self":[{"href":"https:\/\/bgyarmati.ro\/index.php\/wp-json\/wp\/v2\/pages\/244"}],"collection":[{"href":"https:\/\/bgyarmati.ro\/index.php\/wp-json\/wp\/v2\/pages"}],"about":[{"href":"https:\/\/bgyarmati.ro\/index.php\/wp-json\/wp\/v2\/types\/page"}],"author":[{"embeddable":true,"href":"https:\/\/bgyarmati.ro\/index.php\/wp-json\/wp\/v2\/users\/1"}],"replies":[{"embeddable":true,"href":"https:\/\/bgyarmati.ro\/index.php\/wp-json\/wp\/v2\/comments?post=244"}],"version-history":[{"count":31,"href":"https:\/\/bgyarmati.ro\/index.php\/wp-json\/wp\/v2\/pages\/244\/revisions"}],"predecessor-version":[{"id":576,"href":"https:\/\/bgyarmati.ro\/index.php\/wp-json\/wp\/v2\/pages\/244\/revisions\/576"}],"wp:attachment":[{"href":"https:\/\/bgyarmati.ro\/index.php\/wp-json\/wp\/v2\/media?parent=244"}],"curies":[{"name":"wp","href":"https:\/\/api.w.org\/{rel}","templated":true}]}}